{"id":524,"date":"2020-08-20T11:31:25","date_gmt":"2020-08-20T09:31:25","guid":{"rendered":"https:\/\/anton-hipp.com\/?page_id=524"},"modified":"2021-07-21T10:23:02","modified_gmt":"2021-07-21T08:23:02","slug":"impressum","status":"publish","type":"page","link":"https:\/\/anton-hipp.com\/de\/impressum\/","title":{"rendered":"Impressum"},"content":{"rendered":"\t\t<div data-elementor-type=\"wp-page\" data-elementor-id=\"524\" class=\"elementor elementor-524 elementor-805\" data-elementor-post-type=\"page\">\n\t\t\t\t\t\t<section class=\"elementor-section elementor-top-section elementor-element elementor-element-3d02b09e elementor-section-boxed elementor-section-height-default elementor-section-height-default\" data-id=\"3d02b09e\" data-element_type=\"section\" data-e-type=\"section\" data-settings=\"{&quot;_ob_glider_is_slider&quot;:&quot;no&quot;,&quot;jet_parallax_layout_list&quot;:[]}\">\n\t\t\t\t\t\t<div class=\"elementor-container elementor-column-gap-default\">\n\t\t\t\t\t<div class=\"elementor-column elementor-col-100 elementor-top-column elementor-element elementor-element-5a3102a1\" data-id=\"5a3102a1\" data-element_type=\"column\" data-e-type=\"column\" data-settings=\"{&quot;_ob_column_hoveranimator&quot;:&quot;no&quot;,&quot;_ob_column_has_pseudo&quot;:&quot;no&quot;}\">\n\t\t\t<div class=\"elementor-widget-wrap elementor-element-populated\">\n\t\t\t\t\t\t<div class=\"elementor-element elementor-element-46b72aab ob-harakiri-inherit ob-has-background-overlay elementor-widget elementor-widget-heading\" data-id=\"46b72aab\" data-element_type=\"widget\" data-e-type=\"widget\" data-settings=\"{&quot;_ob_use_harakiri&quot;:&quot;yes&quot;,&quot;_ob_harakiri_writing_mode&quot;:&quot;inherit&quot;,&quot;_ob_harakiri_text_clip&quot;:&quot;none&quot;,&quot;_ob_widget_stalker_use&quot;:&quot;no&quot;,&quot;_ob_poopart_use&quot;:&quot;yes&quot;,&quot;_ob_shadough_use&quot;:&quot;no&quot;,&quot;_ob_allow_hoveranimator&quot;:&quot;no&quot;}\" data-widget_type=\"heading.default\">\n\t\t\t\t<div class=\"elementor-widget-container\">\n\t\t\t\t\t<h1 class=\"elementor-heading-title elementor-size-default\">Impressum<\/h1>\t\t\t\t<\/div>\n\t\t\t\t<\/div>\n\t\t\t\t\t<\/div>\n\t\t<\/div>\n\t\t\t\t\t<\/div>\n\t\t<\/section>\n\t\t\t\t<section class=\"elementor-section elementor-top-section elementor-element elementor-element-798a8928 elementor-section-boxed elementor-section-height-default elementor-section-height-default\" data-id=\"798a8928\" data-element_type=\"section\" data-e-type=\"section\" data-settings=\"{&quot;_ob_glider_is_slider&quot;:&quot;no&quot;,&quot;jet_parallax_layout_list&quot;:[]}\">\n\t\t\t\t\t\t<div class=\"elementor-container elementor-column-gap-default\">\n\t\t\t\t\t<div class=\"elementor-column elementor-col-50 elementor-top-column elementor-element elementor-element-52a4be39\" data-id=\"52a4be39\" data-element_type=\"column\" data-e-type=\"column\" data-settings=\"{&quot;background_background&quot;:&quot;classic&quot;,&quot;_ob_column_hoveranimator&quot;:&quot;no&quot;,&quot;_ob_column_has_pseudo&quot;:&quot;no&quot;}\">\n\t\t\t<div class=\"elementor-widget-wrap elementor-element-populated\">\n\t\t\t\t\t\t<div class=\"elementor-element elementor-element-033500f ob-harakiri-inherit ob-has-background-overlay elementor-widget elementor-widget-text-editor\" data-id=\"033500f\" data-element_type=\"widget\" data-e-type=\"widget\" data-settings=\"{&quot;_ob_use_harakiri&quot;:&quot;yes&quot;,&quot;_ob_harakiri_writing_mode&quot;:&quot;inherit&quot;,&quot;_ob_postman_use&quot;:&quot;no&quot;,&quot;_ob_widget_stalker_use&quot;:&quot;no&quot;,&quot;_ob_poopart_use&quot;:&quot;yes&quot;,&quot;_ob_shadough_use&quot;:&quot;no&quot;,&quot;_ob_allow_hoveranimator&quot;:&quot;no&quot;}\" data-widget_type=\"text-editor.default\">\n\t\t\t\t<div class=\"elementor-widget-container\">\n\t\t\t\t\t\t\t\t\t<h5><strong>Angaben gem\u00e4\u00df \u00a7 5 TMG<\/strong><\/h5><p>Anton Hipp GmbH<br \/>Annastra\u00dfe 25\/1<br \/>78567 Fridingen<\/p><p>Handelsregister: Amtsgericht Stuttgart<br \/>Registergericht: HRB 450457<\/p><p><strong>Vertreten durch:<\/strong><br \/>Gerhard Hipp<br \/>Dieter Hipp<\/p><h5>\u00a0<\/h5><h5><strong>Kontakt<\/strong><\/h5><p>Telefon: +49 7463 993030<br \/>Telefax: +49 7463 9930350<br \/>E-Mail: info@anton-hipp.de<\/p><h2>\u00a0<\/h2><h5><strong>Umsatzsteuer-ID<\/strong><\/h5><p>Umsatzsteuer-Identifikationsnummer gem\u00e4\u00df \u00a7 27 a Umsatzsteuergesetz:<br \/>DE142940939<\/p><h2>\u00a0<\/h2><h5><strong>Verantwortlich f\u00fcr den Inhalt nach \u00a7 55 Abs. 2 RStV<\/strong><\/h5><p>Anton Hipp GmbH<br \/>Annastra\u00dfe 25\/1<br \/>D-78567 Fridingen<\/p><p>\u00a0<\/p><h5><strong>Angaben gem\u00e4\u00df Artikel 15 (EU) Verordnung 2017\/745 MDR<\/strong><\/h5><p>F\u00fcr die Einhaltung von Regulierungsvorschriften verantwortliche Person:<\/p><p>Single Registration Nummer \/ SRN Nummer: DE-MF-000005493<br \/>Verantwortliche Person: Christian Elsner<br \/>Email: <a href=\"mailto:emergency@anton-hipp.de\">emergency@anton-hipp.de<\/a><br \/>Telefon: +49 7463 993014\u00a0 \u00a0 \u00a0 \u00a0 \u00a0 \u00a0 \u00a0 \u00a0 \u00a0 \u00a0 \u00a0 \u00a0 \u00a0 \u00a0 \u00a0 \u00a0 \u00a0 \u00a0 \u00a0 \u00a0 \u00a0 \u00a0 \u00a0 \u00a0 \u00a0 \u00a0 \u00a0 \u00a0 \u00a0<\/p><p>\u00a0<\/p><h5><strong>Haftung f\u00fcr Inhalte<\/strong><\/h5><p>Als Diensteanbieter sind wir gem\u00e4\u00df \u00a7 7 Abs.1 TMG f\u00fcr eigene Inhalte auf diesen Seiten nach den allgemeinen Gesetzen verantwortlich. Nach \u00a7\u00a7 8 bis 10 TMG sind wir als Diensteanbieter jedoch nicht verpflichtet, \u00fcbermittelte oder gespeicherte fremde Informationen zu \u00fcberwachen oder nach Umst\u00e4nden zu forschen, die auf eine rechtswidrige T\u00e4tigkeit hinweisen.<\/p><p>Verpflichtungen zur Entfernung oder Sperrung der Nutzung von Informationen nach den allgemeinen Gesetzen bleiben hiervon unber\u00fchrt. Eine diesbez\u00fcgliche Haftung ist jedoch erst ab dem Zeitpunkt der Kenntnis einer konkreten Rechtsverletzung m\u00f6glich. Bei Bekanntwerden von entsprechenden Rechtsverletzungen werden wir diese Inhalte umgehend entfernen.<\/p><h3>\u00a0<\/h3><h5><strong>Haftung f\u00fcr Links<\/strong><\/h5><p>Unser Angebot enth\u00e4lt Links zu externen Websites Dritter, auf deren Inhalte wir keinen Einfluss haben. Deshalb k\u00f6nnen wir f\u00fcr diese fremden Inhalte auch keine Gew\u00e4hr \u00fcbernehmen. F\u00fcr die Inhalte der verlinkten Seiten ist stets der jeweilige Anbieter oder Betreiber der Seiten verantwortlich. Die verlinkten Seiten wurden zum Zeitpunkt der Verlinkung auf m\u00f6gliche Rechtsverst\u00f6\u00dfe \u00fcberpr\u00fcft. Rechtswidrige Inhalte waren zum Zeitpunkt der Verlinkung nicht erkennbar.<\/p><p>Eine permanente inhaltliche Kontrolle der verlinkten Seiten ist jedoch ohne konkrete Anhaltspunkte einer Rechtsverletzung nicht zumutbar. Bei Bekanntwerden von Rechtsverletzungen werden wir derartige Links umgehend entfernen.<\/p><h3>\u00a0<\/h3><h5><strong>Urheberrecht<\/strong><\/h5><p>Die durch die Seitenbetreiber erstellten Inhalte und Werke auf diesen Seiten unterliegen dem deutschen Urheberrecht. Die Vervielf\u00e4ltigung, Bearbeitung, Verbreitung und jede Art der Verwertung au\u00dferhalb der Grenzen des Urheberrechtes bed\u00fcrfen der schriftlichen Zustimmung des jeweiligen Autors bzw. Erstellers. Downloads und Kopien dieser Seite sind nur f\u00fcr den privaten, nicht kommerziellen Gebrauch gestattet.<\/p><p>Soweit die Inhalte auf dieser Seite nicht vom Betreiber erstellt wurden, werden die Urheberrechte Dritter beachtet. Insbesondere werden Inhalte Dritter als solche gekennzeichnet. Sollten Sie trotzdem auf eine Urheberrechtsverletzung aufmerksam werden, bitten wir um einen entsprechenden Hinweis. Bei Bekanntwerden von Rechtsverletzungen werden wir derartige Inhalte umgehend entfernen.<\/p>\t\t\t\t\t\t\t\t<\/div>\n\t\t\t\t<\/div>\n\t\t\t\t\t<\/div>\n\t\t<\/div>\n\t\t\t\t<div class=\"elementor-column elementor-col-50 elementor-top-column elementor-element elementor-element-b8f28eb\" data-id=\"b8f28eb\" data-element_type=\"column\" data-e-type=\"column\" data-settings=\"{&quot;_ob_column_hoveranimator&quot;:&quot;no&quot;,&quot;_ob_column_has_pseudo&quot;:&quot;no&quot;}\">\n\t\t\t<div class=\"elementor-widget-wrap elementor-element-populated\">\n\t\t\t\t\t\t<div class=\"elementor-element elementor-element-28445fe3 ob-harakiri-inherit ob-has-background-overlay elementor-widget elementor-widget-text-editor\" data-id=\"28445fe3\" data-element_type=\"widget\" data-e-type=\"widget\" data-settings=\"{&quot;_ob_use_harakiri&quot;:&quot;yes&quot;,&quot;_ob_harakiri_writing_mode&quot;:&quot;inherit&quot;,&quot;_ob_postman_use&quot;:&quot;no&quot;,&quot;_ob_widget_stalker_use&quot;:&quot;no&quot;,&quot;_ob_poopart_use&quot;:&quot;yes&quot;,&quot;_ob_shadough_use&quot;:&quot;no&quot;,&quot;_ob_allow_hoveranimator&quot;:&quot;no&quot;}\" data-widget_type=\"text-editor.default\">\n\t\t\t\t<div class=\"elementor-widget-container\">\n\t\t\t\t\t\t\t\t\t<div class=\"elementor-element elementor-element-12d4b67 elementor-column elementor-col-50 elementor-top-column\" data-id=\"12d4b67\" data-element_type=\"column\"><div class=\"elementor-column-wrap  elementor-element-populated\"><div class=\"elementor-widget-wrap\"><div class=\"elementor-element elementor-element-82a7e09 elementor-widget elementor-widget-text-editor\" data-id=\"82a7e09\" data-element_type=\"widget\" data-widget_type=\"text-editor.default\"><div class=\"elementor-widget-container\"><div class=\"elementor-text-editor elementor-clearfix\"><div class=\" col-sm-5 last\"><div class=\"webt-column p-non\"><div id=\"c19\" class=\" \"><h4>Webdesign und Implementierung des CMS-Systems<\/h4><div class=\"ce-textpic ce-right ce-intext\"><div class=\"ce-bodytext\"><p><strong>webtemps<\/strong><br \/>Dipl. Betriebswirt (FH) Leif Knittel<br \/>Staigstra\u00dfe 20<br \/>D-78253 Eigeltingen<\/p><p>Mail: <a href=\"mailto:info@webtemps.de\">info@webtemps.de<\/a><br \/>Web: <a href=\"https:\/\/www.webtemps.de\/\" target=\"_blank\" rel=\"noopener\">www.webtemps.de<\/a><\/p><\/div><\/div><\/div><\/div><\/div><\/div><\/div><\/div><\/div><\/div><\/div>\t\t\t\t\t\t\t\t<\/div>\n\t\t\t\t<\/div>\n\t\t\t\t\t<\/div>\n\t\t<\/div>\n\t\t\t\t\t<\/div>\n\t\t<\/section>\n\t\t\t\t<\/div>\n\t\t","protected":false},"excerpt":{"rendered":"<p>Impressum Angaben gem\u00e4\u00df \u00a7 5 TMG Anton Hipp GmbHAnnastra\u00dfe 25\/178567 Fridingen Handelsregister: Amtsgericht StuttgartRegistergericht: HRB 450457 Vertreten durch:Gerhard HippDieter Hipp \u00a0 Kontakt Telefon: +49 7463 993030Telefax: +49 7463 9930350E-Mail: info@anton-hipp.de \u00a0 Umsatzsteuer-ID Umsatzsteuer-Identifikationsnummer gem\u00e4\u00df \u00a7 27 a Umsatzsteuergesetz:DE142940939 \u00a0 Verantwortlich f\u00fcr den Inhalt nach \u00a7 55 Abs. 2 RStV Anton Hipp GmbHAnnastra\u00dfe 25\/1D-78567 Fridingen \u00a0 [&hellip;]<\/p>\n","protected":false},"author":3,"featured_media":0,"parent":0,"menu_order":1200,"comment_status":"closed","ping_status":"closed","template":"","meta":{"footnotes":""},"class_list":["post-524","page","type-page","status-publish","hentry"],"_links":{"self":[{"href":"https:\/\/anton-hipp.com\/de\/wp-json\/wp\/v2\/pages\/524","targetHints":{"allow":["GET"]}}],"collection":[{"href":"https:\/\/anton-hipp.com\/de\/wp-json\/wp\/v2\/pages"}],"about":[{"href":"https:\/\/anton-hipp.com\/de\/wp-json\/wp\/v2\/types\/page"}],"author":[{"embeddable":true,"href":"https:\/\/anton-hipp.com\/de\/wp-json\/wp\/v2\/users\/3"}],"replies":[{"embeddable":true,"href":"https:\/\/anton-hipp.com\/de\/wp-json\/wp\/v2\/comments?post=524"}],"version-history":[{"count":10,"href":"https:\/\/anton-hipp.com\/de\/wp-json\/wp\/v2\/pages\/524\/revisions"}],"predecessor-version":[{"id":3729,"href":"https:\/\/anton-hipp.com\/de\/wp-json\/wp\/v2\/pages\/524\/revisions\/3729"}],"wp:attachment":[{"href":"https:\/\/anton-hipp.com\/de\/wp-json\/wp\/v2\/media?parent=524"}],"curies":[{"name":"wp","href":"https:\/\/api.w.org\/{rel}","templated":true}]}}